{"id":116,"date":"2023-04-11T20:07:05","date_gmt":"2023-04-11T20:07:05","guid":{"rendered":"https:\/\/www.moneyfactor.fi\/?page_id=116"},"modified":"2023-04-12T09:24:50","modified_gmt":"2023-04-12T09:24:50","slug":"visio-ja-missio","status":"publish","type":"page","link":"https:\/\/www.moneyfactor.fi\/?page_id=116","title":{"rendered":"Visio ja missio"},"content":{"rendered":"\n<p><strong>Visio<\/strong><\/p>\n\n\n\n<p>Haluamme olla johtava rahoituskonsultointiyritys, joka tarjoaa asiakkailleen ainutlaatuisia ja kattavia rahoitusratkaisuja. Haluamme olla tunnettuja ammattitaidostamme, asiakaspalvelumme laadusta sek\u00e4 teknologisesta innovatiivisuudestamme.<\/p>\n\n\n\n<p><strong>&#8221;Menestyst\u00e4 yhdess\u00e4 &#8211; R\u00e4\u00e4t\u00e4l\u00f6ityj\u00e4 rahoitusratkaisuja jokaisen yrityksen tarpeisiin&#8221;<\/strong><\/p>\n\n\n\n<p><strong>Missio<\/strong><\/p>\n\n\n\n<p>Teht\u00e4v\u00e4mme on auttaa asiakkaitamme saavuttamaan heid\u00e4n taloudelliset tavoitteensa ja menestym\u00e4\u00e4n ratkaisuidemme avulla. Tarjoamme asiakkaillemme laajan valikoiman palveluita, jotka on r\u00e4\u00e4t\u00e4l\u00f6ity heid\u00e4n tarpeidensa mukaan. Haluamme olla asiakkaidemme luotettava ja osaava kumppani, joka auttaa heit\u00e4 kehitt\u00e4m\u00e4\u00e4n liiketoimintaansa ja saavuttamaan menestyst\u00e4. Pyrimme yll\u00e4pit\u00e4m\u00e4\u00e4n korkeaa palvelutasoa, kehittym\u00e4\u00e4n jatkuvasti ja vastaamaan asiakkaidemme tarpeisiin nopeasti ja tehokkaasti.<\/p>\n\n\n\n<p><strong>&#8221;Ratkaisuja tulevaisuuteen &#8211; Autamme yrityst\u00e4nne saavuttamaan taloudelliset tavoitteenne&#8221;<\/strong><\/p>\n","protected":false},"excerpt":{"rendered":"<p>Visio Haluamme olla johtava rahoituskonsultointiyritys, joka tarjoaa asiakkailleen ainutlaatuisia ja kattavia rahoitusratkaisuja. Haluamme olla tunnettuja ammattitaidostamme, asiakaspalvelumme laadusta sek\u00e4 teknologisesta innovatiivisuudestamme. &#8221;Menestyst\u00e4 yhdess\u00e4 &#8211; R\u00e4\u00e4t\u00e4l\u00f6ityj\u00e4 rahoitusratkaisuja jokaisen yrityksen tarpeisiin&#8221; Missio Teht\u00e4v\u00e4mme on auttaa asiakkaitamme saavuttamaan heid\u00e4n taloudelliset tavoitteensa ja menestym\u00e4\u00e4n ratkaisuidemme avulla. Tarjoamme asiakkaillemme laajan valikoiman palveluita, jotka on r\u00e4\u00e4t\u00e4l\u00f6ity heid\u00e4n tarpeidensa mukaan. Haluamme olla &hellip;<\/p>\n","protected":false},"author":1,"featured_media":0,"parent":0,"menu_order":0,"comment_status":"closed","ping_status":"closed","template":"","meta":[],"_links":{"self":[{"href":"https:\/\/www.moneyfactor.fi\/index.php?rest_route=\/wp\/v2\/pages\/116"}],"collection":[{"href":"https:\/\/www.moneyfactor.fi\/index.php?rest_route=\/wp\/v2\/pages"}],"about":[{"href":"https:\/\/www.moneyfactor.fi\/index.php?rest_route=\/wp\/v2\/types\/page"}],"author":[{"embeddable":true,"href":"https:\/\/www.moneyfactor.fi\/index.php?rest_route=\/wp\/v2\/users\/1"}],"replies":[{"embeddable":true,"href":"https:\/\/www.moneyfactor.fi\/index.php?rest_route=%2Fwp%2Fv2%2Fcomments&post=116"}],"version-history":[{"count":2,"href":"https:\/\/www.moneyfactor.fi\/index.php?rest_route=\/wp\/v2\/pages\/116\/revisions"}],"predecessor-version":[{"id":134,"href":"https:\/\/www.moneyfactor.fi\/index.php?rest_route=\/wp\/v2\/pages\/116\/revisions\/134"}],"wp:attachment":[{"href":"https:\/\/www.moneyfactor.fi\/index.php?rest_route=%2Fwp%2Fv2%2Fmedia&parent=116"}],"curies":[{"name":"wp","href":"https:\/\/api.w.org\/{rel}","templated":true}]}}