{"id":120,"date":"2023-04-11T20:16:16","date_gmt":"2023-04-11T20:16:16","guid":{"rendered":"https:\/\/www.moneyfactor.fi\/?page_id=120"},"modified":"2023-04-11T20:16:17","modified_gmt":"2023-04-11T20:16:17","slug":"tietoturvaseloste","status":"publish","type":"page","link":"https:\/\/www.moneyfactor.fi\/?page_id=120","title":{"rendered":"Tietoturvaseloste"},"content":{"rendered":"\n<p>Tietoturvaseloste<\/p>\n\n\n\n<ol>\n<li>Tietosuojailmoitus<\/li>\n<\/ol>\n\n\n\n<p>T\u00e4m\u00e4 tietoturvaseloste kertoo, kuinka k\u00e4sittelemme henkil\u00f6tietojasi rahoituskonsultointipalvelujemme yhteydess\u00e4. Pyrimme varmistamaan, ett\u00e4 henkil\u00f6tietosi k\u00e4sitell\u00e4\u00e4n turvallisesti ja luottamuksellisesti. Noudatamme kaikessa toiminnassamme GDPR:n vaatimuksia.<\/p>\n\n\n\n<ol start=\"2\">\n<li>Rekisterinpit\u00e4j\u00e4<\/li>\n<\/ol>\n\n\n\n<p>Rekisterinpit\u00e4j\u00e4 on MoneyFactor Oy jonka yhteystiedot ovat: asiakaspalvelu@moneyfactor.fi ja puhelinnumero 0505050596<\/p>\n\n\n\n<ol start=\"3\">\n<li>Henkil\u00f6tietojen k\u00e4sittelyn tarkoitus<\/li>\n<\/ol>\n\n\n\n<p>K\u00e4sittelemme henkil\u00f6tietojasi vain yritysrahoitukseen liittyviss\u00e4 tarkoituksissa, kuten rahoituskonsultoinnissa, asiakassuhteen hallinnassa, palveluiden tarjoamisessa ja markkinoinnissa. K\u00e4sittelemme henkil\u00f6tietojasi vain, jos se on tarpeen palveluidemme tarjoamiseksi ja toimittamiseksi.<\/p>\n\n\n\n<ol start=\"4\">\n<li>Ker\u00e4tt\u00e4v\u00e4t henkil\u00f6tiedot<\/li>\n<\/ol>\n\n\n\n<p>Ker\u00e4\u00e4mme henkil\u00f6tietojasi vain, jos ne ovat tarpeen yritysrahoitukseen liittyviss\u00e4 tarkoituksissa. Ker\u00e4\u00e4m\u00e4mme henkil\u00f6tiedot voivat sis\u00e4lt\u00e4\u00e4 nimesi, osoitteesi, s\u00e4hk\u00f6postiosoitteesi, puhelinnumerosi, henkil\u00f6tunnuksesi (henkil\u00f6tunnusta ei s\u00e4ilytet\u00e4 hakemuksen k\u00e4sittelyn j\u00e4lkeen) ja muita tarvittavia tietoja.<\/p>\n\n\n\n<ol start=\"5\">\n<li>Henkil\u00f6tietojen s\u00e4ilytys<\/li>\n<\/ol>\n\n\n\n<p>S\u00e4ilyt\u00e4mme henkil\u00f6tietojasi vain niin kauan kuin se on tarpeen yritysrahoitukseen liittyviss\u00e4 tarkoituksissa. S\u00e4ilytysaika voi vaihdella tapauskohtaisesti, mutta pyrimme s\u00e4ilytt\u00e4m\u00e4\u00e4n henkil\u00f6tietojasi vain niin kauan kuin se on tarpeen.<\/p>\n\n\n\n<ol start=\"6\">\n<li>Henkil\u00f6tietojen suojaus<\/li>\n<\/ol>\n\n\n\n<p>K\u00e4yt\u00e4mme asianmukaisia teknisi\u00e4 ja organisatorisia toimenpiteit\u00e4 henkil\u00f6tietojesi suojaamiseksi. Pyrimme est\u00e4m\u00e4\u00e4n henkil\u00f6tietojesi h\u00e4vi\u00e4misen, v\u00e4\u00e4rink\u00e4yt\u00f6n, muuttamisen ja luvattoman k\u00e4yt\u00f6n.<\/p>\n\n\n\n<ol start=\"7\">\n<li>Tietojen luovutus kolmansille osapuolille<\/li>\n<\/ol>\n\n\n\n<p>Luovutamme henkil\u00f6tietojasi vain, jos se on tarpeen yritysrahoitukseen liittyviss\u00e4 tarkoituksissa ja vain rahoitukseen suoraan liittyville p\u00e4\u00e4miehillemme. T\u00e4m\u00e4n lis\u00e4ksi luovutamme henkil\u00f6tietojasi vain lakis\u00e4\u00e4teisiss\u00e4 tapauksissa tai jos olet antanut suostumuksesi henkil\u00f6tietojesi luovuttamiseen.<\/p>\n","protected":false},"excerpt":{"rendered":"<p>Tietoturvaseloste T\u00e4m\u00e4 tietoturvaseloste kertoo, kuinka k\u00e4sittelemme henkil\u00f6tietojasi rahoituskonsultointipalvelujemme yhteydess\u00e4. Pyrimme varmistamaan, ett\u00e4 henkil\u00f6tietosi k\u00e4sitell\u00e4\u00e4n turvallisesti ja luottamuksellisesti. Noudatamme kaikessa toiminnassamme GDPR:n vaatimuksia. Rekisterinpit\u00e4j\u00e4 on MoneyFactor Oy jonka yhteystiedot ovat: asiakaspalvelu@moneyfactor.fi ja puhelinnumero 0505050596 K\u00e4sittelemme henkil\u00f6tietojasi vain yritysrahoitukseen liittyviss\u00e4 tarkoituksissa, kuten rahoituskonsultoinnissa, asiakassuhteen hallinnassa, palveluiden tarjoamisessa ja markkinoinnissa. K\u00e4sittelemme henkil\u00f6tietojasi vain, jos se on tarpeen palveluidemme &hellip;<\/p>\n","protected":false},"author":1,"featured_media":0,"parent":0,"menu_order":0,"comment_status":"closed","ping_status":"closed","template":"","meta":[],"_links":{"self":[{"href":"https:\/\/www.moneyfactor.fi\/index.php?rest_route=\/wp\/v2\/pages\/120"}],"collection":[{"href":"https:\/\/www.moneyfactor.fi\/index.php?rest_route=\/wp\/v2\/pages"}],"about":[{"href":"https:\/\/www.moneyfactor.fi\/index.php?rest_route=\/wp\/v2\/types\/page"}],"author":[{"embeddable":true,"href":"https:\/\/www.moneyfactor.fi\/index.php?rest_route=\/wp\/v2\/users\/1"}],"replies":[{"embeddable":true,"href":"https:\/\/www.moneyfactor.fi\/index.php?rest_route=%2Fwp%2Fv2%2Fcomments&post=120"}],"version-history":[{"count":1,"href":"https:\/\/www.moneyfactor.fi\/index.php?rest_route=\/wp\/v2\/pages\/120\/revisions"}],"predecessor-version":[{"id":121,"href":"https:\/\/www.moneyfactor.fi\/index.php?rest_route=\/wp\/v2\/pages\/120\/revisions\/121"}],"wp:attachment":[{"href":"https:\/\/www.moneyfactor.fi\/index.php?rest_route=%2Fwp%2Fv2%2Fmedia&parent=120"}],"curies":[{"name":"wp","href":"https:\/\/api.w.org\/{rel}","templated":true}]}}