{"id":6,"date":"2023-03-03T14:48:26","date_gmt":"2023-03-03T14:48:26","guid":{"rendered":"http:\/\/www.moneyfactor.fi\/?page_id=6"},"modified":"2023-04-14T11:46:23","modified_gmt":"2023-04-14T11:46:23","slug":"home","status":"publish","type":"page","link":"https:\/\/www.moneyfactor.fi\/","title":{"rendered":"MoneyFactor"},"content":{"rendered":"\n<p>Olemme rahoituskonsultointiyritys, joka auttaa yrityksi\u00e4 ja rahoitusyhti\u00f6it\u00e4 saavuttamaan taloudellisia tavoitteitaan. Palveluihimme kuuluu kattava valikoima rahoitusratkaisuja, kumppaneita ja teknologiaa, jotka on aina r\u00e4\u00e4t\u00e4l\u00f6ity asiakkaan tarpeiden mukaan.<\/p>\n\n\n\n<p>Asiakkaidemme hy\u00f6dyksi tarjoamme laajan valikoiman asiantuntijapalveluita, kuten yritysrahoituksen neuvontaa, ulkoistettua konsultointipalvelua ja rahoitukseen suoraan liittyv\u00e4\u00e4 teknologiaa. Autamme my\u00f6s asiakkaitamme kehitt\u00e4m\u00e4\u00e4n liiketoimintaansa ja laajentamaan toimintaansa &#8211; oli kyseess\u00e4 sitten asiakasyrityksemme tai rahoituskumppanimme.<\/p>\n\n\n\n<p>Tiimimme koostuu kokeneista ammattilaisista, jotka ovat erikoistuneet eri rahoitusalueisiin, toimialoihin ja teknologioihin. Meill\u00e4 on laaja-alainen osaaminen ja kokemus, jonka avulla voimme tarjota asiakkaillemme parhaita mahdollisia ratkaisuja heid\u00e4n tarpeisiinsa.<\/p>\n\n\n\n<p>Meid\u00e4n tavoitteena on auttaa asiakkaitamme menestym\u00e4\u00e4n palvelumme avulla ja saavuttamaan heid\u00e4n taloudelliset tavoitteensa. Ota meihin yhteytt\u00e4, niin voimme keskustella siit\u00e4, miten voimme auttaa yrityst\u00e4nne.<\/p>\n\n\n\n<div class=\"is-layout-flex wp-container-3 wp-block-columns\">\n<div class=\"is-layout-flow wp-block-column\">\n<figure class=\"wp-block-image size-full is-resized\"><a href=\"https:\/\/www.facebook.com\/MoneyFactorOy\/\"><img decoding=\"async\" loading=\"lazy\" src=\"http:\/\/www.moneyfactor.fi\/wp-content\/uploads\/2023\/04\/Facebook.jpg\" alt=\"\" class=\"wp-image-131\" width=\"57\" height=\"55\" srcset=\"https:\/\/www.moneyfactor.fi\/wp-content\/uploads\/2023\/04\/Facebook.jpg 374w, https:\/\/www.moneyfactor.fi\/wp-content\/uploads\/2023\/04\/Facebook-300x287.jpg 300w\" sizes=\"(max-width: 57px) 100vw, 57px\" \/><\/a><\/figure>\n<\/div>\n\n\n\n<div class=\"is-layout-flow wp-block-column\">\n<figure class=\"wp-block-image size-full is-resized\"><a href=\"https:\/\/www.instagram.com\/moneyfactoroy\/\"><img decoding=\"async\" loading=\"lazy\" src=\"http:\/\/www.moneyfactor.fi\/wp-content\/uploads\/2023\/04\/Instagram.jpg\" alt=\"\" class=\"wp-image-138\" width=\"55\" height=\"53\" srcset=\"https:\/\/www.moneyfactor.fi\/wp-content\/uploads\/2023\/04\/Instagram.jpg 374w, https:\/\/www.moneyfactor.fi\/wp-content\/uploads\/2023\/04\/Instagram-300x287.jpg 300w\" sizes=\"(max-width: 55px) 100vw, 55px\" \/><\/a><\/figure>\n<\/div>\n<\/div>\n","protected":false},"excerpt":{"rendered":"<p>Olemme rahoituskonsultointiyritys, joka auttaa yrityksi\u00e4 ja rahoitusyhti\u00f6it\u00e4 saavuttamaan taloudellisia tavoitteitaan. Palveluihimme kuuluu kattava valikoima rahoitusratkaisuja, kumppaneita ja teknologiaa, jotka on aina r\u00e4\u00e4t\u00e4l\u00f6ity asiakkaan tarpeiden mukaan. Asiakkaidemme hy\u00f6dyksi tarjoamme laajan valikoiman asiantuntijapalveluita, kuten yritysrahoituksen neuvontaa, ulkoistettua konsultointipalvelua ja rahoitukseen suoraan liittyv\u00e4\u00e4 teknologiaa. Autamme my\u00f6s asiakkaitamme kehitt\u00e4m\u00e4\u00e4n liiketoimintaansa ja laajentamaan toimintaansa &#8211; oli kyseess\u00e4 sitten asiakasyrityksemme tai &hellip;<\/p>\n","protected":false},"author":1,"featured_media":0,"parent":0,"menu_order":0,"comment_status":"closed","ping_status":"closed","template":"","meta":[],"_links":{"self":[{"href":"https:\/\/www.moneyfactor.fi\/index.php?rest_route=\/wp\/v2\/pages\/6"}],"collection":[{"href":"https:\/\/www.moneyfactor.fi\/index.php?rest_route=\/wp\/v2\/pages"}],"about":[{"href":"https:\/\/www.moneyfactor.fi\/index.php?rest_route=\/wp\/v2\/types\/page"}],"author":[{"embeddable":true,"href":"https:\/\/www.moneyfactor.fi\/index.php?rest_route=\/wp\/v2\/users\/1"}],"replies":[{"embeddable":true,"href":"https:\/\/www.moneyfactor.fi\/index.php?rest_route=%2Fwp%2Fv2%2Fcomments&post=6"}],"version-history":[{"count":4,"href":"https:\/\/www.moneyfactor.fi\/index.php?rest_route=\/wp\/v2\/pages\/6\/revisions"}],"predecessor-version":[{"id":141,"href":"https:\/\/www.moneyfactor.fi\/index.php?rest_route=\/wp\/v2\/pages\/6\/revisions\/141"}],"wp:attachment":[{"href":"https:\/\/www.moneyfactor.fi\/index.php?rest_route=%2Fwp%2Fv2%2Fmedia&parent=6"}],"curies":[{"name":"wp","href":"https:\/\/api.w.org\/{rel}","templated":true}]}}